{"id":4139,"date":"2024-06-09T19:13:46","date_gmt":"2024-06-09T17:13:46","guid":{"rendered":"https:\/\/altosecura.proadax-dev.pl\/p\/praca-w-szybach-wentylacyjnych-i-innych-przestrzeniach-zamknietych-na-budowie\/"},"modified":"2024-07-01T09:02:12","modified_gmt":"2024-07-01T07:02:12","slug":"arbeiten-in-lueftungsschaechten-und-sonstigen-beengten-raeumen-auf-einer-baustelle","status":"publish","type":"product","link":"https:\/\/altosekura.com\/de\/p\/arbeiten-in-lueftungsschaechten-und-sonstigen-beengten-raeumen-auf-einer-baustelle\/","title":{"rendered":"Arbeiten in L\u00fcftungssch\u00e4chten und sonstigen beengten R\u00e4umen auf einer Baustelle"},"content":{"rendered":"<p>Mit VRAPP at Height ist es m\u00f6glich, das Herablassen und Hochziehen von Mitarbeitern in Luftschachten zu \u00fcben.<\/p>\n","protected":false},"excerpt":{"rendered":"<p>Mit VRAPP at Height ist es m\u00f6glich, das Herablassen und Hochziehen von Mitarbeitern in Luftschachten zu \u00fcben.<\/p>\n","protected":false},"featured_media":4143,"template":"","meta":[],"product_brand":[],"product_cat":[701],"product_tag":[],"class_list":{"0":"post-4139","1":"product","2":"type-product","3":"status-publish","4":"has-post-thumbnail","6":"product_cat-szenarien","7":"pa_nazwa-scenariusza-skrocona-beengte-raeume","8":"pa_sceneria-konstruktion","9":"pa_wersja-basic-de","10":"pa_wersja-lehrreich","12":"first","13":"instock","14":"taxable","15":"shipping-taxable","16":"purchasable","17":"product-type-variable","18":"has-default-attributes"},"_links":{"self":[{"href":"https:\/\/altosekura.com\/de\/wp-json\/wp\/v2\/product\/4139","targetHints":{"allow":["GET"]}}],"collection":[{"href":"https:\/\/altosekura.com\/de\/wp-json\/wp\/v2\/product"}],"about":[{"href":"https:\/\/altosekura.com\/de\/wp-json\/wp\/v2\/types\/product"}],"wp:featuredmedia":[{"embeddable":true,"href":"https:\/\/altosekura.com\/de\/wp-json\/wp\/v2\/media\/4143"}],"wp:attachment":[{"href":"https:\/\/altosekura.com\/de\/wp-json\/wp\/v2\/media?parent=4139"}],"wp:term":[{"taxonomy":"product_brand","embeddable":true,"href":"https:\/\/altosekura.com\/de\/wp-json\/wp\/v2\/product_brand?post=4139"},{"taxonomy":"product_cat","embeddable":true,"href":"https:\/\/altosekura.com\/de\/wp-json\/wp\/v2\/product_cat?post=4139"},{"taxonomy":"product_tag","embeddable":true,"href":"https:\/\/altosekura.com\/de\/wp-json\/wp\/v2\/product_tag?post=4139"}],"curies":[{"name":"wp","href":"https:\/\/api.w.org\/{rel}","templated":true}]}}