{"id":4122,"date":"2024-06-09T19:06:11","date_gmt":"2024-06-09T17:06:11","guid":{"rendered":"https:\/\/altosecura.proadax-dev.pl\/p\/wspinaczka-z-asekuracja-na-rusztowaniu\/"},"modified":"2024-07-01T08:43:49","modified_gmt":"2024-07-01T06:43:49","slug":"klettern-mit-falldaempfedem-verbindungsmittel-auf-geruesten","status":"publish","type":"product","link":"https:\/\/altosekura.com\/de\/p\/klettern-mit-falldaempfedem-verbindungsmittel-auf-geruesten\/","title":{"rendered":"Klettern mit falld\u00e4mpfedem Verbindungsmittel auf Ger\u00fcsten"},"content":{"rendered":"<p>Mit VRAPP at Height ist es m\u00f6glich, die Anwendung von Fallschutz bei der Arbeit auf Ger\u00fcsten zu \u00fcben.<\/p>\n","protected":false},"excerpt":{"rendered":"<p>Mit VRAPP at Height ist es m\u00f6glich, die Anwendung von Fallschutz bei der Arbeit auf Ger\u00fcsten zu \u00fcben.<\/p>\n","protected":false},"featured_media":4126,"template":"","meta":[],"product_brand":[],"product_cat":[701],"product_tag":[],"class_list":{"0":"post-4122","1":"product","2":"type-product","3":"status-publish","4":"has-post-thumbnail","6":"product_cat-szenarien","7":"pa_nazwa-scenariusza-skrocona-geruesten","8":"pa_sceneria-konstruktion","9":"pa_wersja-basic-de","10":"pa_wersja-lehrreich","12":"first","13":"instock","14":"taxable","15":"shipping-taxable","16":"purchasable","17":"product-type-variable","18":"has-default-attributes"},"_links":{"self":[{"href":"https:\/\/altosekura.com\/de\/wp-json\/wp\/v2\/product\/4122","targetHints":{"allow":["GET"]}}],"collection":[{"href":"https:\/\/altosekura.com\/de\/wp-json\/wp\/v2\/product"}],"about":[{"href":"https:\/\/altosekura.com\/de\/wp-json\/wp\/v2\/types\/product"}],"wp:featuredmedia":[{"embeddable":true,"href":"https:\/\/altosekura.com\/de\/wp-json\/wp\/v2\/media\/4126"}],"wp:attachment":[{"href":"https:\/\/altosekura.com\/de\/wp-json\/wp\/v2\/media?parent=4122"}],"wp:term":[{"taxonomy":"product_brand","embeddable":true,"href":"https:\/\/altosekura.com\/de\/wp-json\/wp\/v2\/product_brand?post=4122"},{"taxonomy":"product_cat","embeddable":true,"href":"https:\/\/altosekura.com\/de\/wp-json\/wp\/v2\/product_cat?post=4122"},{"taxonomy":"product_tag","embeddable":true,"href":"https:\/\/altosekura.com\/de\/wp-json\/wp\/v2\/product_tag?post=4122"}],"curies":[{"name":"wp","href":"https:\/\/api.w.org\/{rel}","templated":true}]}}